{"id":241,"date":"2020-07-20T16:53:17","date_gmt":"2020-07-20T14:53:17","guid":{"rendered":"https:\/\/www.malmoskyttegille.se\/wp\/?page_id=241"},"modified":"2024-08-05T20:40:31","modified_gmt":"2024-08-05T18:40:31","slug":"nyborjarkurser","status":"publish","type":"page","link":"https:\/\/www.malmoskyttegille.se\/wp\/medlemsinformation\/bli-medlem\/nyborjarkurser\/","title":{"rendered":"Nyb\u00f6rjarkurser"},"content":{"rendered":"\n<p>Har du redan vapenlicens? D\u00e5 kan du ans\u00f6ka om medlemskap h\u00e4r \u00bb <a href=\"https:\/\/www.malmoskyttegille.se\/wp\/medlemsinformation\/bli-medlem-tekniska-problem\/\" data-type=\"page\" data-id=\"1826\">Bli medlem<\/a><\/p>\n\n\n\n<p>\u00c4r det nyb\u00f6rjarkurs du \u00e4r intresserad av s\u00e5 bedriver vissa av sektionerna nyb\u00f6rjarutbildning i respektive skyttegren.<\/p>\n\n\n\n<p>F\u00f6r gev\u00e4r, kontakta <a href=\"https:\/\/www.malmoskyttegille.se\/wp\/subsites\/gevar\/nyborjare-gevar\/\">gev\u00e4rssektionen<\/a>.<\/p>\n\n\n\n<p>F\u00f6r pistol, kontakta <a href=\"https:\/\/www.malmoskyttegille.se\/wp\/subsites\/pistol\/nyborjare-pistol\/\">pistolsektionen<\/a>.<\/p>\n\n\n\n<p>F\u00f6r jaktskytte, l\u00e4s mer om <a href=\"https:\/\/www.malmoskyttegille.se\/wp\/subsites\/jakt\/jagarexamen\">J\u00e4garexamen<\/a><\/p>\n\n\n\n<p>F\u00f6r dynamiskt skytte (IPSC), l\u00e4s mer om <a href=\"https:\/\/www.malmoskyttegille.se\/wp\/subsites\/dynamiskt\/ipsc-grundkurs\">IPSC Grundkurs<\/a><\/p>\n\n\n\n<p>V\u00e4lkommen till MSG och en rolig och sp\u00e4nnande hobby.<\/p>\n","protected":false},"excerpt":{"rendered":"<p>Har du redan vapenlicens? D\u00e5 kan du ans\u00f6ka om medlemskap h\u00e4r \u00bb Bli medlem \u00c4r det nyb\u00f6rjarkurs du \u00e4r intresserad av s\u00e5 bedriver vissa av sektionerna nyb\u00f6rjarutbildning i respektive skyttegren. F\u00f6r gev\u00e4r, kontakta gev\u00e4rssektionen.&#46;&#46;&#46;<\/p>\n","protected":false},"author":1,"featured_media":0,"parent":243,"menu_order":0,"comment_status":"closed","ping_status":"closed","template":"","meta":{"footnotes":""},"class_list":["post-241","page","type-page","status-publish","hentry"],"_links":{"self":[{"href":"https:\/\/www.malmoskyttegille.se\/wp\/wp-json\/wp\/v2\/pages\/241","targetHints":{"allow":["GET"]}}],"collection":[{"href":"https:\/\/www.malmoskyttegille.se\/wp\/wp-json\/wp\/v2\/pages"}],"about":[{"href":"https:\/\/www.malmoskyttegille.se\/wp\/wp-json\/wp\/v2\/types\/page"}],"author":[{"embeddable":true,"href":"https:\/\/www.malmoskyttegille.se\/wp\/wp-json\/wp\/v2\/users\/1"}],"replies":[{"embeddable":true,"href":"https:\/\/www.malmoskyttegille.se\/wp\/wp-json\/wp\/v2\/comments?post=241"}],"version-history":[{"count":5,"href":"https:\/\/www.malmoskyttegille.se\/wp\/wp-json\/wp\/v2\/pages\/241\/revisions"}],"predecessor-version":[{"id":1831,"href":"https:\/\/www.malmoskyttegille.se\/wp\/wp-json\/wp\/v2\/pages\/241\/revisions\/1831"}],"up":[{"embeddable":true,"href":"https:\/\/www.malmoskyttegille.se\/wp\/wp-json\/wp\/v2\/pages\/243"}],"wp:attachment":[{"href":"https:\/\/www.malmoskyttegille.se\/wp\/wp-json\/wp\/v2\/media?parent=241"}],"curies":[{"name":"wp","href":"https:\/\/api.w.org\/{rel}","templated":true}]}}