{"id":374,"date":"2022-06-27T16:50:03","date_gmt":"2022-06-27T14:50:03","guid":{"rendered":"https:\/\/www.malmoskyttegille.se\/wp\/subsites\/pistol\/?page_id=374"},"modified":"2026-04-26T21:38:29","modified_gmt":"2026-04-26T19:38:29","slug":"gevarssektionen","status":"publish","type":"page","link":"https:\/\/www.malmoskyttegille.se\/wp\/subsites\/pistol\/","title":{"rendered":"Pistolsektionen"},"content":{"rendered":"<div class=\"wp-block-image\">\n<figure class=\"aligncenter size-full\"><img loading=\"lazy\" decoding=\"async\" width=\"170\" height=\"150\" src=\"https:\/\/www.malmoskyttegille.se\/wp\/subsites\/pistol\/wp-content\/uploads\/2020\/09\/msg-logo_150.png\" alt=\"\" class=\"wp-image-282\"\/><\/figure>\n<\/div>\n\n\n<p><strong>\u00c4r du intresserad av v\u00e5r nyb\u00f6rjarutbildning kan du med f\u00f6rdel skicka in intresseanm\u00e4lan d\u00e4rom \u2013 vilken d\u00e5 avser nyb\u00f6rjarkursen som g\u00e5r av stapeln v\u00e5ren 2027.<\/strong><\/p>\n\n\n\n<p>Vi \u00e4r sedan 2005 en sektion i Malm\u00f6 Skyttegille i vilken det bedrivs s\u00e5 kallat nationellt pistolskytte inom olika grenar, s\u00e5som Precisionsskytte, F\u00e4ltskytte, PPC med mera.<\/p>\n\n\n\n<p>Om du \u00e4r intresserad av pistolskytte \u00e4r du v\u00e4lkommen att l\u00e4sa mera om detta p\u00e5 fliken Nyb\u00f6rjarutbildning.<\/p>\n\n\n\n<p>V\u00e4lkommen till oss p\u00e5 Spillepengens skjutbana i Malm\u00f6.<\/p>\n\n\n\n<p><\/p>\n","protected":false},"excerpt":{"rendered":"<p>\u00c4r du intresserad av v\u00e5r nyb\u00f6rjarutbildning kan du med f\u00f6rdel skicka in intresseanm\u00e4lan d\u00e4rom \u2013 vilken d\u00e5 avser nyb\u00f6rjarkursen som g\u00e5r av stapeln v\u00e5ren 2027. Vi \u00e4r sedan 2005 en sektion i Malm\u00f6 Skyttegille&#46;&#46;&#46;<\/p>\n","protected":false},"author":2,"featured_media":0,"parent":0,"menu_order":0,"comment_status":"closed","ping_status":"closed","template":"","meta":{"footnotes":""},"class_list":["post-374","page","type-page","status-publish","hentry"],"_links":{"self":[{"href":"https:\/\/www.malmoskyttegille.se\/wp\/subsites\/pistol\/wp-json\/wp\/v2\/pages\/374","targetHints":{"allow":["GET"]}}],"collection":[{"href":"https:\/\/www.malmoskyttegille.se\/wp\/subsites\/pistol\/wp-json\/wp\/v2\/pages"}],"about":[{"href":"https:\/\/www.malmoskyttegille.se\/wp\/subsites\/pistol\/wp-json\/wp\/v2\/types\/page"}],"author":[{"embeddable":true,"href":"https:\/\/www.malmoskyttegille.se\/wp\/subsites\/pistol\/wp-json\/wp\/v2\/users\/2"}],"replies":[{"embeddable":true,"href":"https:\/\/www.malmoskyttegille.se\/wp\/subsites\/pistol\/wp-json\/wp\/v2\/comments?post=374"}],"version-history":[{"count":12,"href":"https:\/\/www.malmoskyttegille.se\/wp\/subsites\/pistol\/wp-json\/wp\/v2\/pages\/374\/revisions"}],"predecessor-version":[{"id":1048,"href":"https:\/\/www.malmoskyttegille.se\/wp\/subsites\/pistol\/wp-json\/wp\/v2\/pages\/374\/revisions\/1048"}],"wp:attachment":[{"href":"https:\/\/www.malmoskyttegille.se\/wp\/subsites\/pistol\/wp-json\/wp\/v2\/media?parent=374"}],"curies":[{"name":"wp","href":"https:\/\/api.w.org\/{rel}","templated":true}]}}