{"id":467,"date":"2015-11-14T08:14:37","date_gmt":"2015-11-14T07:14:37","guid":{"rendered":"https:\/\/www.malmoskyttegille.se\/msgjc\/?page_id=467"},"modified":"2015-11-14T08:14:37","modified_gmt":"2015-11-14T07:14:37","slug":"tillaten-ammunition","status":"publish","type":"page","link":"https:\/\/www.malmoskyttegille.se\/wp\/subsites\/msgjc\/tillaten-ammunition\/","title":{"rendered":"Till\u00e5ten ammunition"},"content":{"rendered":"<p>&nbsp;<\/p>\n<ul>\n<li>\u00c4lgbanan\n<ul>\n<li>St\u00f6rsta till\u00e5tna kaliber .50 \/ 12.7mm (tidigare begr\u00e4nsning p\u00e5 8mm \u00e4r slopad)<\/li>\n<li>Till\u00e5tna kultyper\n<ul>\n<li>helmantel typ spitzer<\/li>\n<li>h\u00e5lspetskulor avsedda f\u00f6r m\u00e5lskytte och som inte konstruerats f\u00f6r att expandera<\/li>\n<\/ul>\n<\/li>\n<li>Otill\u00e5tna kultyper\n<ul>\n<li>blyspets, plastspets m.fl. typer som \u00e4r konstruerade f\u00f6r att expandera<\/li>\n<li>flat- eller trubb-nos-kulor, speciellt s\u00e5dana som \u00e4r konstruerade att stansa h\u00e5l i m\u00e5ltavlan<\/li>\n<li>varmintkulor<\/li>\n<\/ul>\n<\/li>\n<\/ul>\n<\/li>\n<li>Akustiska inskjutningsbanan\n<ul>\n<li>St\u00f6rsta till\u00e5tna kaliber .50 \/ 12.7mm (tidigare begr\u00e4nsning p\u00e5 8mm \u00e4r slopad)<\/li>\n<li>Alla kultyper till\u00e5tna (tidigare begr\u00e4nsning till endast helmantel slopad)<\/li>\n<\/ul>\n<\/li>\n<li>\u00a0Trapbanan\n<ul>\n<li>st\u00e5l- och alternativ-hagel<\/li>\n<li>max 24g, US Nr 7<\/li>\n<\/ul>\n<\/li>\n<li>Markm\u00e5lsbanan\n<ul>\n<li>endast blyhagel, pga risk f\u00f6r rikoschetter<\/li>\n<li>max 24g, US Nr 7<\/li>\n<\/ul>\n<\/li>\n<li>L\u00e5nevapen\n<ul>\n<li>Till klubbens l\u00e5nevapen f\u00e5r endast ammunition som s\u00e4ljs p\u00e5 banan anv\u00e4ndas. D\u00e5 vi \u00e4r ansvariga f\u00f6r dessa vapen m\u00e5ste vi ha koll p\u00e5 vilken ammunition som skjuts med dem.<\/li>\n<\/ul>\n<\/li>\n<\/ul>\n<p>&nbsp;<\/p>\n","protected":false},"excerpt":{"rendered":"<p>&nbsp; \u00c4lgbanan St\u00f6rsta till\u00e5tna kaliber .50 \/ 12.7mm (tidigare begr\u00e4nsning p\u00e5 8mm \u00e4r slopad) Till\u00e5tna kultyper helmantel typ spitzer h\u00e5lspetskulor avsedda f\u00f6r m\u00e5lskytte och som inte konstruerats f\u00f6r att expandera Otill\u00e5tna kultyper blyspets, plastspets&#46;&#46;&#46;<\/p>\n","protected":false},"author":1,"featured_media":0,"parent":0,"menu_order":0,"comment_status":"closed","ping_status":"closed","template":"","meta":{"footnotes":""},"class_list":["post-467","page","type-page","status-publish","hentry"],"_links":{"self":[{"href":"https:\/\/www.malmoskyttegille.se\/wp\/subsites\/msgjc\/wp-json\/wp\/v2\/pages\/467","targetHints":{"allow":["GET"]}}],"collection":[{"href":"https:\/\/www.malmoskyttegille.se\/wp\/subsites\/msgjc\/wp-json\/wp\/v2\/pages"}],"about":[{"href":"https:\/\/www.malmoskyttegille.se\/wp\/subsites\/msgjc\/wp-json\/wp\/v2\/types\/page"}],"author":[{"embeddable":true,"href":"https:\/\/www.malmoskyttegille.se\/wp\/subsites\/msgjc\/wp-json\/wp\/v2\/users\/1"}],"replies":[{"embeddable":true,"href":"https:\/\/www.malmoskyttegille.se\/wp\/subsites\/msgjc\/wp-json\/wp\/v2\/comments?post=467"}],"version-history":[{"count":0,"href":"https:\/\/www.malmoskyttegille.se\/wp\/subsites\/msgjc\/wp-json\/wp\/v2\/pages\/467\/revisions"}],"wp:attachment":[{"href":"https:\/\/www.malmoskyttegille.se\/wp\/subsites\/msgjc\/wp-json\/wp\/v2\/media?parent=467"}],"curies":[{"name":"wp","href":"https:\/\/api.w.org\/{rel}","templated":true}]}}