{"id":2,"date":"2015-02-11T20:24:37","date_gmt":"2015-02-11T20:24:37","guid":{"rendered":"https:\/\/www.malmoskyttegille.se\/msgjc\/?page_id=2"},"modified":"2026-04-11T15:29:43","modified_gmt":"2026-04-11T13:29:43","slug":"exempelsida","status":"publish","type":"page","link":"https:\/\/www.malmoskyttegille.se\/wp\/subsites\/msgjc\/","title":{"rendered":"V\u00e4lkommen"},"content":{"rendered":"<div class=\"wp-block-image\">\n<figure class=\"alignleft size-full\"><a href=\"https:\/\/www.facebook.com\/jaktskyttecenter\"><img loading=\"lazy\" decoding=\"async\" width=\"32\" height=\"32\" src=\"https:\/\/www.malmoskyttegille.se\/wp\/subsites\/msgjc\/wp-content\/uploads\/2020\/08\/fb.png\" alt=\"\" class=\"wp-image-915\"\/><\/a><\/figure>\n<\/div>\n\n<div class=\"wp-block-image\">\n<figure class=\"alignleft size-full\"><a href=\"https:\/\/www.malmoskyttegille.se\/wp\/subsites\/msgjc\/feed\/\"><img loading=\"lazy\" decoding=\"async\" width=\"32\" height=\"32\" src=\"https:\/\/www.malmoskyttegille.se\/wp\/subsites\/msgjc\/wp-content\/uploads\/2020\/08\/rss.png\" alt=\"\" class=\"wp-image-916\"\/><\/a><\/figure>\n<\/div>\n\n\n<figure class=\"wp-block-image size-full is-resized\"><a href=\"https:\/\/www.malmoskyttegille.se\/wp\/subsites\/msgjc\/oppettider\/\"><img loading=\"lazy\" decoding=\"async\" width=\"60\" height=\"60\" src=\"https:\/\/www.malmoskyttegille.se\/wp\/subsites\/msgjc\/wp-content\/uploads\/2020\/08\/clock.png\" alt=\"\" class=\"wp-image-914\"\/><\/a><\/figure>\n\n\n\n<h4 class=\"wp-block-heading\">V\u00e4lkommen till MSGs Jaktskyttecenter<\/h4>\n\n\n\n<h2 class=\"wp-block-heading\">Jaktskyttebanorna har nu \u00f6ppnat f\u00f6r s\u00e4songen 2026<\/h2>\n\n\n\n<h2 class=\"wp-block-heading\">V\u00e4lkomna!<\/h2>\n\n\n\n<p><strong>OBS<\/strong> Nytt f\u00f6r i \u00e5r: Svenska J\u00e4garef\u00f6rbundet uppdaterade sitt m\u00e4rkesreglemente 2025 och det inneb\u00e4r att vi numera har krav p\u00e5 <a href=\"https:\/\/jagareforbundet.se\/jakt\/skytte\/skyttenyheter\/2025\/08\/anvand-flagga---sakerhet-pa-skjutbanan\/\" data-type=\"link\" data-id=\"https:\/\/jagareforbundet.se\/jakt\/skytte\/skyttenyheter\/2025\/08\/anvand-flagga---sakerhet-pa-skjutbanan\/\">patronl\u00e4gesflagga<\/a>. Vi tittar p\u00e5 om vi kan ha flaggor till f\u00f6rs\u00e4ljning men tills dess kan du k\u00f6pa en i n\u00e4rmaste vapenaff\u00e4r.<\/p>\n\n\n\n<p>Jaktskyttebanorna \u00e4r \u00f6ppna f\u00f6r allm\u00e4nheten april &#8211; november under v\u00e5ra ordinarie <a href=\"https:\/\/www.malmoskyttegille.se\/wp\/subsites\/msgjc\/oppettider\/\">\u00f6ppettider<\/a>. Under dessa tider kr\u00e4vs inte medlemskap f\u00f6r att \u00f6va eller skjuta f\u00f6r m\u00e4rkesfordringar. Det kr\u00e4vs ingen f\u00f6ranm\u00e4lan f\u00f6r att delta, det \u00e4r bara att komma och skjuta. <\/p>\n\n\n\n<p><a href=\"https:\/\/www.malmoskyttegille.se\/wp\/subsites\/msgjc\/grinden\/\">Grinden<\/a> \u00f6ppnas av tj\u00e4nstg\u00f6rande skjutledare genom att man ringer numret p\u00e5 skylten, <strong>0722-71 15 66<\/strong> och ber om att bli insl\u00e4ppt. Vi fr\u00e5gar efter namn p\u00e5 dig som ringer s\u00e5 att vi ser att den som blir insl\u00e4ppt ocks\u00e5 kommer till \u00e4lg\/trap\/markm\u00e5ls- banan. <\/p>\n\n\n\n<p>Numret \u00e4r bara bemannat n\u00e4r banorna \u00e4r \u00f6ppna. \u00c4ven om personal \u00e4r plats innan banan \u00f6ppnar s\u00e5 kan man inte r\u00e4kna med att de svarar innan banan \u00f6ppnar. Numret \u00e4r endast till f\u00f6r att du ska bli insl\u00e4ppt s\u00e5 det finns ingen anledning att ringa om du inte st\u00e5r vid grinden.<\/p>\n\n\n\n<h4 class=\"wp-block-heading\">H\u00e4r finns:<\/h4>\n\n\n\n<ul class=\"wp-block-list\">\n<li>\u00c4lgbana 80m med elektronisk markering.<\/li>\n\n\n\n<li>Trapbana<\/li>\n\n\n\n<li>Markm\u00e5lsbana med l\u00f6pande hare<\/li>\n\n\n\n<li>Inskjutningsbana 80m med elektronisk markering.<\/li>\n<\/ul>\n\n\n\n<h4 class=\"wp-block-heading\">H\u00e4r kan du:<\/h4>\n\n\n\n<ul class=\"wp-block-list\">\n<li>Skjuta \u00e4lgskyttem\u00e4rkena och h\u00f6gviltdekalen.<\/li>\n\n\n\n<li>F\u00e5 intyg p\u00e5 genomf\u00f6rt tr\u00e4ningsskytte inf\u00f6r jakten. Obs id-koll. <strong>*<\/strong><\/li>\n\n\n\n<li><a href=\"https:\/\/www.malmoskyttegille.se\/wp\/subsites\/msgjc\/inskjutning\/\">Skjuta in<\/a> din studsare med jaktammunition. <\/li>\n\n\n\n<li>Hyra <a href=\"https:\/\/www.malmoskyttegille.se\/wp\/subsites\/msgjc\/lanevapen\/\">l\u00e5nevapen<\/a>, f\u00f6lj l\u00e4nken f\u00f6r mer info.<\/li>\n\n\n\n<li>K\u00f6pa \u00f6vningsammunition i de vanligaste kalibrarna f\u00f6r ditt skytte p\u00e5 banan.<\/li>\n\n\n\n<li>Betala med kort eller <a href=\"https:\/\/www.malmoskyttegille.se\/wp\/subsites\/msgjc\/swish\/\" data-type=\"page\" data-id=\"1128\">swish<\/a>, vi \u00e4r kontantfria.<\/li>\n<\/ul>\n\n\n\n<h4 class=\"wp-block-heading\">Deltagande i tr\u00e4ningen under allm\u00e4nna \u00f6ppettider:<\/h4>\n\n\n\n<ul class=\"wp-block-list\">\n<li>Inget krav p\u00e5 medlemskap.<\/li>\n\n\n\n<li>Ingen f\u00f6ranm\u00e4lan.<\/li>\n\n\n\n<li>Inget krav p\u00e5 att ha <a href=\"https:\/\/www.malmoskyttegille.se\/wp\/subsites\/msgjc\/jagarexamen\/\">j\u00e4garexamen<\/a> f\u00f6r att tr\u00e4na men du m\u00e5ste\n<ul class=\"wp-block-list\">\n<li>Ha utbildning i s\u00e4ker vapenhantering.<\/li>\n\n\n\n<li>Kommit s\u00e5 l\u00e5ngt i din skyttet\u00e4rning att du sj\u00e4lvst\u00e4ndigt kan avlossa skott mot aktuellt m\u00e5l<\/li>\n\n\n\n<li>Se mer under <a href=\"https:\/\/www.malmoskyttegille.se\/wp\/subsites\/msgjc\/regler\/\">ordningsregler<\/a> och <a href=\"https:\/\/www.malmoskyttegille.se\/wp\/subsites\/msgjc\/krav-for-deltagande-i-traning-under-allmanna-oppettider\/\">krav f\u00f6r deltagande i allm\u00e4n tr\u00e4ning<\/a>.<\/li>\n<\/ul>\n<\/li>\n\n\n\n<li>St\u00f6rsta till\u00e5tna kaliber \u00e4r .50 \/ 12.7mm, se mer under <a href=\"https:\/\/www.malmoskyttegille.se\/wp\/subsites\/msgjc\/tillaten-ammunition\/\">till\u00e5ten ammunition<\/a>.<\/li>\n<\/ul>\n\n\n\n<h4 class=\"wp-block-heading\">Grinden:<\/h4>\n\n\n\n<p><a href=\"https:\/\/www.malmoskyttegille.se\/wp\/subsites\/msgjc\/grinden\/\">Grinden<\/a> till skjutbanan \u00e4r st\u00e4ngd alla dagar, dygnet runt. P\u00e5 grinden finns en skylt med telefonnummer anslaget. Telefonen \u00e4r bemannad n\u00e4r jaktskyttebanorna \u00e4r \u00f6ppna. Ring numret och ber\u00e4tta vem du \u00e4r och vart du ska s\u00e5 \u00f6ppnar en funktion\u00e4r grinden.<\/p>\n\n\n\n<p><strong>*) OBS Ang\u00e5ende intyg OBS<\/strong><\/p>\n\n\n\n<ul class=\"wp-block-list\">\n<li><strong>Vid varje skjuttillf\u00e4lle skall giltig legitimation uppvisas s\u00e5 att vi kan s\u00e4kerst\u00e4lla att resultatet rapporteras p\u00e5 r\u00e4tt skjutkort.<\/strong><\/li>\n\n\n\n<li><strong>Genomf\u00f6rd id-kontroll ska noteras p\u00e5 skjutkortet vid varje tillf\u00e4lle.<\/strong><\/li>\n\n\n\n<li><strong>Saknas notering om att kontroll gjorts vid n\u00e5got tillf\u00e4lle kan resultatet fr\u00e5n det tillf\u00e4llet tyv\u00e4rr inte anv\u00e4ndas som underlag f\u00f6r att utf\u00e4rda intyg.<\/strong><\/li>\n\n\n\n<li><strong>Det ligger mao i ditt eget intresse att kontrollera att notering om id-kontroll f\u00f6rs in p\u00e5 skjutkortet varje g\u00e5ng.<\/strong><\/li>\n<\/ul>\n\n\n\n<p><\/p>\n","protected":false},"excerpt":{"rendered":"<p>V\u00e4lkommen till MSGs Jaktskyttecenter Jaktskyttebanorna har nu \u00f6ppnat f\u00f6r s\u00e4songen 2026 V\u00e4lkomna! OBS Nytt f\u00f6r i \u00e5r: Svenska J\u00e4garef\u00f6rbundet uppdaterade sitt m\u00e4rkesreglemente 2025 och det inneb\u00e4r att vi numera har krav p\u00e5 patronl\u00e4gesflagga. Vi&#46;&#46;&#46;<\/p>\n","protected":false},"author":1,"featured_media":0,"parent":0,"menu_order":0,"comment_status":"open","ping_status":"open","template":"","meta":{"footnotes":""},"class_list":["post-2","page","type-page","status-publish","hentry"],"_links":{"self":[{"href":"https:\/\/www.malmoskyttegille.se\/wp\/subsites\/msgjc\/wp-json\/wp\/v2\/pages\/2","targetHints":{"allow":["GET"]}}],"collection":[{"href":"https:\/\/www.malmoskyttegille.se\/wp\/subsites\/msgjc\/wp-json\/wp\/v2\/pages"}],"about":[{"href":"https:\/\/www.malmoskyttegille.se\/wp\/subsites\/msgjc\/wp-json\/wp\/v2\/types\/page"}],"author":[{"embeddable":true,"href":"https:\/\/www.malmoskyttegille.se\/wp\/subsites\/msgjc\/wp-json\/wp\/v2\/users\/1"}],"replies":[{"embeddable":true,"href":"https:\/\/www.malmoskyttegille.se\/wp\/subsites\/msgjc\/wp-json\/wp\/v2\/comments?post=2"}],"version-history":[{"count":67,"href":"https:\/\/www.malmoskyttegille.se\/wp\/subsites\/msgjc\/wp-json\/wp\/v2\/pages\/2\/revisions"}],"predecessor-version":[{"id":1441,"href":"https:\/\/www.malmoskyttegille.se\/wp\/subsites\/msgjc\/wp-json\/wp\/v2\/pages\/2\/revisions\/1441"}],"wp:attachment":[{"href":"https:\/\/www.malmoskyttegille.se\/wp\/subsites\/msgjc\/wp-json\/wp\/v2\/media?parent=2"}],"curies":[{"name":"wp","href":"https:\/\/api.w.org\/{rel}","templated":true}]}}