{"id":84,"date":"2020-07-18T18:26:39","date_gmt":"2020-07-18T16:26:39","guid":{"rendered":"https:\/\/www.malmoskyttegille.se\/wp\/subsites\/jakt\/?page_id=84"},"modified":"2022-09-02T12:58:42","modified_gmt":"2022-09-02T10:58:42","slug":"skjutinstruktorer","status":"publish","type":"page","link":"https:\/\/www.malmoskyttegille.se\/wp\/subsites\/jakt\/skjutinstruktorer\/","title":{"rendered":"Skjutinstrukt\u00f6rer"},"content":{"rendered":"\n<p>Jaktsektionen har jaktskytteinstrukt\u00f6rer utbildade av Svenska J\u00e4garf\u00f6rbundet.<\/p>\n\n\n\n<p>Precis som f\u00f6r alla v\u00e5ra andra aktiviteter s\u00e5 g\u00e4ller att man m\u00e5ste vara medlem i Malm\u00f6 Skyttegille.<\/p>\n\n\n\n<p>Jaktsektionen har skyttetr\u00e4ning p\u00e5 s\u00f6ndagar enligt v\u00e5rt\u00a0<a href=\"https:\/\/www.malmoskyttegille.se\/wp\/subsites\/jakt\/sektionsaktiviteter\/\">program<\/a>. Vid dessa tider finns instrukt\u00f6rer som kan hj\u00e4lpa dig.\u00a0<\/p>\n\n\n\n<p>Individuell instrukt\u00f6rsledd skyttetr\u00e4ning utanf\u00f6r sektionens ordinarie&nbsp;<a href=\"https:\/\/www.malmoskyttegille.se\/wp\/subsites\/jakt\/sektionsaktiviteter\/\">tr\u00e4ningsprogram<\/a>&nbsp;kan ordnas p\u00e5 beg\u00e4ran under tiden 1\/3 &#8211; 31\/7 i m\u00e5n av tillg\u00e4ngliga instrukt\u00f6rer och bantider. S\u00e5dan tr\u00e4ning riktar sig till de som redan har j\u00e4garexamen. H\u00f6r av dig till oss om ni \u00e4r intresserade s\u00e5 ordnar vi en aktivitet anpassade efter just dina behov.<\/p>\n\n\n\n<p>Liksom v\u00e5r \u00f6vriga verksamhet riktar sig \u00e4ven denna fr\u00e4mst till dig som redan har j\u00e4garexamen.<\/p>\n\n\n\n<p>Om du \u00e4r intresserad av j\u00e4garexamen eller skytte inf\u00f6r j\u00e4garexamen se&nbsp;<a href=\"https:\/\/www.malmoskyttegille.se\/wp\/subsites\/jakt\/jagarexamen\/\">J\u00e4garexamen<\/a><\/p>\n\n\n\n<p>Vi kan ta emot allt fr\u00e5n enskilda elever till grupper om ett tiotal personer beroende p\u00e5 vad ni vill tr\u00e4na.<\/p>\n\n\n\n<h4 class=\"wp-block-heading\"><strong><a href=\"https:\/\/www.malmoskyttegille.se\/wp\/subsites\/jakt\/kontakt\/\">H\u00f6r av dig<\/a> till oss p\u00e5&nbsp;Jaktsektionen&nbsp;om ni \u00e4r intresserade s\u00e5 ordnar vi en aktivitet anpassade efter just dina behov.<\/strong><\/h4>\n\n\n\n<p><strong>Erfarenhetsm\u00e4ssigt vet vi att det brukar ta lite tid att f\u00e5 allting p\u00e5 plats och hitta tider som passar alla och med lediga banor s\u00e5&nbsp;var ute i god tid.<\/strong><\/p>\n\n\n\n<p>Eftersom vi \u00e4r en jaktsektion s\u00e5 \u00e4r v\u00e5ra aktiviteter koncentrerade till v\u00e5r och sommar f\u00f6r att inte kollidera med jakten under h\u00f6sten och vintern. Detta g\u00e4ller \u00e4ven det instrukt\u00f6rsledda skyttet.<\/p>\n\n\n\n<p><strong>Vi kan d\u00e4rf\u00f6r som regel inte erbjuda skjututbildningar perioden 1\/8-28\/2.<\/strong><\/p>\n","protected":false},"excerpt":{"rendered":"<p>Jaktsektionen har jaktskytteinstrukt\u00f6rer utbildade av Svenska J\u00e4garf\u00f6rbundet. Precis som f\u00f6r alla v\u00e5ra andra aktiviteter s\u00e5 g\u00e4ller att man m\u00e5ste vara medlem i Malm\u00f6 Skyttegille. Jaktsektionen har skyttetr\u00e4ning p\u00e5 s\u00f6ndagar enligt v\u00e5rt\u00a0program. Vid dessa tider&#46;&#46;&#46;<\/p>\n","protected":false},"author":1,"featured_media":0,"parent":0,"menu_order":0,"comment_status":"closed","ping_status":"closed","template":"","meta":{"footnotes":""},"class_list":["post-84","page","type-page","status-publish","hentry"],"_links":{"self":[{"href":"https:\/\/www.malmoskyttegille.se\/wp\/subsites\/jakt\/wp-json\/wp\/v2\/pages\/84","targetHints":{"allow":["GET"]}}],"collection":[{"href":"https:\/\/www.malmoskyttegille.se\/wp\/subsites\/jakt\/wp-json\/wp\/v2\/pages"}],"about":[{"href":"https:\/\/www.malmoskyttegille.se\/wp\/subsites\/jakt\/wp-json\/wp\/v2\/types\/page"}],"author":[{"embeddable":true,"href":"https:\/\/www.malmoskyttegille.se\/wp\/subsites\/jakt\/wp-json\/wp\/v2\/users\/1"}],"replies":[{"embeddable":true,"href":"https:\/\/www.malmoskyttegille.se\/wp\/subsites\/jakt\/wp-json\/wp\/v2\/comments?post=84"}],"version-history":[{"count":5,"href":"https:\/\/www.malmoskyttegille.se\/wp\/subsites\/jakt\/wp-json\/wp\/v2\/pages\/84\/revisions"}],"predecessor-version":[{"id":466,"href":"https:\/\/www.malmoskyttegille.se\/wp\/subsites\/jakt\/wp-json\/wp\/v2\/pages\/84\/revisions\/466"}],"wp:attachment":[{"href":"https:\/\/www.malmoskyttegille.se\/wp\/subsites\/jakt\/wp-json\/wp\/v2\/media?parent=84"}],"curies":[{"name":"wp","href":"https:\/\/api.w.org\/{rel}","templated":true}]}}